{"id":5654,"date":"2024-06-13T08:31:25","date_gmt":"2024-06-13T05:31:25","guid":{"rendered":"https:\/\/bus.chingiz.online\/kupsiste-poliitika\/"},"modified":"2025-06-05T15:19:38","modified_gmt":"2025-06-05T12:19:38","slug":"kupsiste-poliitika","status":"publish","type":"page","link":"https:\/\/cargobus.ee\/et\/kupsiste-poliitika\/","title":{"rendered":"K\u00fcpsiste poliitika"},"content":{"rendered":"\t\t<div data-elementor-type=\"wp-page\" data-elementor-id=\"5654\" class=\"elementor elementor-5654 elementor-4963\" data-elementor-settings=\"{&quot;element_pack_global_tooltip_width&quot;:{&quot;unit&quot;:&quot;px&quot;,&quot;size&quot;:&quot;&quot;,&quot;sizes&quot;:[]},&quot;element_pack_global_tooltip_width_laptop&quot;:{&quot;unit&quot;:&quot;px&quot;,&quot;size&quot;:&quot;&quot;,&quot;sizes&quot;:[]},&quot;element_pack_global_tooltip_width_tablet&quot;:{&quot;unit&quot;:&quot;px&quot;,&quot;size&quot;:&quot;&quot;,&quot;sizes&quot;:[]},&quot;element_pack_global_tooltip_width_mobile&quot;:{&quot;unit&quot;:&quot;px&quot;,&quot;size&quot;:&quot;&quot;,&quot;sizes&quot;:[]},&quot;element_pack_global_tooltip_padding&quot;:{&quot;unit&quot;:&quot;px&quot;,&quot;top&quot;:&quot;&quot;,&quot;right&quot;:&quot;&quot;,&quot;bottom&quot;:&quot;&quot;,&quot;left&quot;:&quot;&quot;,&quot;isLinked&quot;:true},&quot;element_pack_global_tooltip_padding_laptop&quot;:{&quot;unit&quot;:&quot;px&quot;,&quot;top&quot;:&quot;&quot;,&quot;right&quot;:&quot;&quot;,&quot;bottom&quot;:&quot;&quot;,&quot;left&quot;:&quot;&quot;,&quot;isLinked&quot;:true},&quot;element_pack_global_tooltip_padding_tablet&quot;:{&quot;unit&quot;:&quot;px&quot;,&quot;top&quot;:&quot;&quot;,&quot;right&quot;:&quot;&quot;,&quot;bottom&quot;:&quot;&quot;,&quot;left&quot;:&quot;&quot;,&quot;isLinked&quot;:true},&quot;element_pack_global_tooltip_padding_mobile&quot;:{&quot;unit&quot;:&quot;px&quot;,&quot;top&quot;:&quot;&quot;,&quot;right&quot;:&quot;&quot;,&quot;bottom&quot;:&quot;&quot;,&quot;left&quot;:&quot;&quot;,&quot;isLinked&quot;:true},&quot;element_pack_global_tooltip_border_radius&quot;:{&quot;unit&quot;:&quot;px&quot;,&quot;top&quot;:&quot;&quot;,&quot;right&quot;:&quot;&quot;,&quot;bottom&quot;:&quot;&quot;,&quot;left&quot;:&quot;&quot;,&quot;isLinked&quot;:true},&quot;element_pack_global_tooltip_border_radius_laptop&quot;:{&quot;unit&quot;:&quot;px&quot;,&quot;top&quot;:&quot;&quot;,&quot;right&quot;:&quot;&quot;,&quot;bottom&quot;:&quot;&quot;,&quot;left&quot;:&quot;&quot;,&quot;isLinked&quot;:true},&quot;element_pack_global_tooltip_border_radius_tablet&quot;:{&quot;unit&quot;:&quot;px&quot;,&quot;top&quot;:&quot;&quot;,&quot;right&quot;:&quot;&quot;,&quot;bottom&quot;:&quot;&quot;,&quot;left&quot;:&quot;&quot;,&quot;isLinked&quot;:true},&quot;element_pack_global_tooltip_border_radius_mobile&quot;:{&quot;unit&quot;:&quot;px&quot;,&quot;top&quot;:&quot;&quot;,&quot;right&quot;:&quot;&quot;,&quot;bottom&quot;:&quot;&quot;,&quot;left&quot;:&quot;&quot;,&quot;isLinked&quot;:true}}\" data-elementor-post-type=\"page\">\n\t\t\t\t<div class=\"elementor-element elementor-element-3eee4b1 e-flex e-con-boxed e-con e-parent\" data-id=\"3eee4b1\" data-element_type=\"container\" data-e-type=\"container\">\n\t\t\t\t\t<div class=\"e-con-inner\">\n\t\t\t\t<div class=\"elementor-element elementor-element-ce3ddba elementor-widget elementor-widget-heading\" data-id=\"ce3ddba\" data-element_type=\"widget\" data-e-type=\"widget\" data-widget_type=\"heading.default\">\n\t\t\t\t\t<h1 class=\"elementor-heading-title elementor-size-default\">K\u00fcpsiste poliitika<\/h1>\t\t\t\t<\/div>\n\t\t\t\t<div class=\"elementor-element elementor-element-f8602ab elementor-widget__width-initial elementor-widget elementor-widget-text-editor\" data-id=\"f8602ab\" data-element_type=\"widget\" data-e-type=\"widget\" data-widget_type=\"text-editor.default\">\n\t\t\t\t\t\t\t\t\t<p>&nbsp;<\/p>\n<p><strong>K\u00fcpsiste kasutamise poliitika Cargobusi Interneti-ressurssides<\/strong><\/p>\n<p>K\u00e4esolevas dokumendis kirjeldatakse k\u00fcpsiste kasutamist aadressil\u00a0<strong><a title=\"www.cargobus.ee\" href=\"https:\/\/cargobus.ee\/ee\" target=\"_blank\" rel=\"noopener\">www.cargobus.ee<\/a><\/strong>, t\u00e4psustatakse k\u00fcpsiste kasutamise eesm\u00e4rke, samuti kasutajate \u00f5iguseid muuta ja valida k\u00fcpsiste kasutamise eesm\u00e4rke vastavalt enda vajadustele.<\/p>\n<p>K\u00fcpsised aitavad pakkuda, t\u00e4iustada ja kaitsta Cargobusi teenuseid. See tagab klientide vajadustele asjakohasemaid pakkumisi, samuti mugavamat ja turvalist kasutamise kogemust.<\/p>\n<p>&nbsp;<\/p>\n<p><strong>Mis on k\u00fcpsised?<\/strong><\/p>\n<p>K\u00fcpsis on v\u00e4ike tekstifail, mis salvestatakse veebisaidi k\u00fclastamisel arvutis v\u00f5i muus seadmes (nt mobiiltelefon). Tekstifail sisaldab teavet, mida kasutatakse veebisaidi k\u00fclastajate kogemuste parandamiseks.<\/p>\n<p>&nbsp;<\/p>\n<p><strong>Milliseid k\u00fcpsiseid Cargobus kasutab ja millised on nende kasutamise eesm\u00e4rgid?<\/strong><\/p>\n<p>Kasutatakse mitut liiki k\u00fcpsiseid (p\u00fcsivaid ja seansip\u00f5hiseid). Need erinevad kasutuse ja s\u00e4ilitamise aja poolest. K\u00fcpsiseid saab ajakohastada ja kohandada teenuste pakkumise kvaliteedi parandamiseks, kuid \u00fcldised kasutuseesm\u00e4rgid on j\u00e4rgmised:<\/p>\n<p><strong>\u2713<\/strong>\u00a0Kasutaja autentimine \u2013 tagab kasutaja \u00e4ratundmise ja turvalisema veebisaidi kasutamise.<\/p>\n<p><strong>\u2713<\/strong>\u00a0Teenuste pakkumine ja hooldus \u2013 k\u00fcpsised, mis funktsionaalselt toetavad Cargobusi teenuste tagamist.<\/p>\n<p><strong>\u2713<\/strong>\u00a0Veebisaidi turvalisus ja teenuste terviklikkus \u2013 k\u00fcpsised, mis aitavad luua teenuseid ning tagavad parima kliendikogemuse.<\/p>\n<p><strong>\u2713<\/strong>\u00a0Kasutamise statistika ja anal\u00fc\u00fcs \u2013 annab teavet selle kohta, kuidas ja kui tihti Cargobusi veebisaiti kasutatakse, millised on kasutajar\u00fchmad ja milliseid otsinguv\u00f5imalusi kasutatakse. K\u00fcpsiste statistikat saab koguda ka koost\u00f6\u00f6partnerite veebisaitidelt.<\/p>\n<p><strong>\u2713<\/strong>\u00a0Teenuste pakkumine ja klientide vajaduste anal\u00fc\u00fcs \u2013 k\u00fcpsised, mis pakuvad kliendi vajadustele kohandatud pakkumiste v\u00e4ljat\u00f6\u00f6tamist. Cargobusi veebisaidil v\u00f5idakse kasutada kolmanda osapoole k\u00fcpsiste teavet. Kasutajale v\u00f5idakse kuvada ka koost\u00f6\u00f6partnerite Interneti-ressursside k\u00f5ige asjakohasemaid pakkumisi.<\/p>\n<p>&nbsp;<\/p>\n<p><strong>Kuidas saab kasutaja valida ja muuta k\u00fcpsiste kasutamist?<\/strong><\/p>\n<p>Kui ei soovi oma seadmetes kasutatavate k\u00fcpsiste kasutamist, saate oma brauseri turvaseadeid muuta. Pidage meeles, et turbeseadistuste muudatused peab igas brauseris eraldi tegema ja kasutatavad seadistusmeetodid v\u00f5ivad erineda. Pidage veel meeles, et Cargobusi veebisaidil olevate seansik\u00fcpsiste\u00a0keelamisega ei saa Cargobusi Interneti-teenuseid t\u00e4ielikult kasutada.<\/p>\n<p>&nbsp;<\/p>\n<p><strong>Kust saada teavet?<\/strong><\/p>\n<p>Cargobusi Interneti-ressursside k\u00fcpsiste kasutamine ja isikuandmete ohutu t\u00f6\u00f6tlemine on Cargobusi vastutusel. Kui on k\u00fcsimusi v\u00f5i soovitusi, palun kirjuta aadressile\u00a0<strong><a title=\"info@cargobus.ee\" href=\"mailto:info@cargobus.ee\" target=\"_blank\" rel=\"noopener\">info@cargobus.ee<\/a><\/strong>.<\/p>\n<p>&nbsp;<\/p>\n<p>Me hoolime Sinu privaatsusest<br \/>Cargobus<\/p>\n\t\t\t\t\t\t\t\t<\/div>\n\t\t\t\t\t<\/div>\n\t\t\t\t<\/div>\n\t\t\t\t<\/div>\n\t\t","protected":false},"excerpt":{"rendered":"<p>K\u00fcpsiste poliitika &nbsp; K\u00fcpsiste kasutamise poliitika Cargobusi Interneti-ressurssides K\u00e4esolevas dokumendis kirjeldatakse k\u00fcpsiste kasutamist aadressil\u00a0www.cargobus.ee, t\u00e4psustatakse k\u00fcpsiste kasutamise eesm\u00e4rke, samuti kasutajate [&hellip;]<\/p>\n","protected":false},"author":1,"featured_media":0,"parent":0,"menu_order":0,"comment_status":"closed","ping_status":"closed","template":"elementor_header_footer","meta":{"_acf_changed":false,"site-sidebar-layout":"default","site-content-layout":"","ast-site-content-layout":"default","site-content-style":"default","site-sidebar-style":"default","ast-global-header-display":"","ast-banner-title-visibility":"","ast-main-header-display":"","ast-hfb-above-header-display":"","ast-hfb-below-header-display":"","ast-hfb-mobile-header-display":"","site-post-title":"","ast-breadcrumbs-content":"","ast-featured-img":"","footer-sml-layout":"","ast-disable-related-posts":"","theme-transparent-header-meta":"","adv-header-id-meta":"","stick-header-meta":"","header-above-stick-meta":"","header-main-stick-meta":"","header-below-stick-meta":"","astra-migrate-meta-layouts":"default","ast-page-background-enabled":"default","ast-page-background-meta":{"desktop":{"background-color":"var(--ast-global-color-4)","background-image":"","background-repeat":"repeat","background-position":"center center","background-size":"auto","background-attachment":"scroll","background-type":"","background-media":"","overlay-type":"","overlay-color":"","overlay-opacity":"","overlay-gradient":""},"tablet":{"background-color":"","background-image":"","background-repeat":"repeat","background-position":"center center","background-size":"auto","background-attachment":"scroll","background-type":"","background-media":"","overlay-type":"","overlay-color":"","overlay-opacity":"","overlay-gradient":""},"mobile":{"background-color":"","background-image":"","background-repeat":"repeat","background-position":"center center","background-size":"auto","background-attachment":"scroll","background-type":"","background-media":"","overlay-type":"","overlay-color":"","overlay-opacity":"","overlay-gradient":""}},"ast-content-background-meta":{"desktop":{"background-color":"var(--ast-global-color-5)","background-image":"","background-repeat":"repeat","background-position":"center center","background-size":"auto","background-attachment":"scroll","background-type":"","background-media":"","overlay-type":"","overlay-color":"","overlay-opacity":"","overlay-gradient":""},"tablet":{"background-color":"var(--ast-global-color-5)","background-image":"","background-repeat":"repeat","background-position":"center center","background-size":"auto","background-attachment":"scroll","background-type":"","background-media":"","overlay-type":"","overlay-color":"","overlay-opacity":"","overlay-gradient":""},"mobile":{"background-color":"var(--ast-global-color-5)","background-image":"","background-repeat":"repeat","background-position":"center center","background-size":"auto","background-attachment":"scroll","background-type":"","background-media":"","overlay-type":"","overlay-color":"","overlay-opacity":"","overlay-gradient":""}},"footnotes":""},"class_list":["post-5654","page","type-page","status-publish","hentry"],"acf":[],"_links":{"self":[{"href":"https:\/\/cargobus.ee\/et\/wp-json\/wp\/v2\/pages\/5654","targetHints":{"allow":["GET"]}}],"collection":[{"href":"https:\/\/cargobus.ee\/et\/wp-json\/wp\/v2\/pages"}],"about":[{"href":"https:\/\/cargobus.ee\/et\/wp-json\/wp\/v2\/types\/page"}],"author":[{"embeddable":true,"href":"https:\/\/cargobus.ee\/et\/wp-json\/wp\/v2\/users\/1"}],"replies":[{"embeddable":true,"href":"https:\/\/cargobus.ee\/et\/wp-json\/wp\/v2\/comments?post=5654"}],"version-history":[{"count":2,"href":"https:\/\/cargobus.ee\/et\/wp-json\/wp\/v2\/pages\/5654\/revisions"}],"predecessor-version":[{"id":13373,"href":"https:\/\/cargobus.ee\/et\/wp-json\/wp\/v2\/pages\/5654\/revisions\/13373"}],"wp:attachment":[{"href":"https:\/\/cargobus.ee\/et\/wp-json\/wp\/v2\/media?parent=5654"}],"curies":[{"name":"wp","href":"https:\/\/api.w.org\/{rel}","templated":true}]}}