{"id":5664,"date":"2024-05-22T15:40:24","date_gmt":"2024-05-22T12:40:24","guid":{"rendered":"https:\/\/bus.chingiz.online\/kuidas-pakendada\/"},"modified":"2025-11-25T17:34:10","modified_gmt":"2025-11-25T14:34:10","slug":"kuidas-pakendada","status":"publish","type":"page","link":"https:\/\/cargobus.ee\/et\/kuidas-pakendada\/","title":{"rendered":"KUIDAS PAKENDADA?"},"content":{"rendered":"\t\t<div data-elementor-type=\"wp-page\" data-elementor-id=\"5664\" class=\"elementor elementor-5664 elementor-468\" data-elementor-settings=\"{&quot;element_pack_global_tooltip_width&quot;:{&quot;unit&quot;:&quot;px&quot;,&quot;size&quot;:&quot;&quot;,&quot;sizes&quot;:[]},&quot;element_pack_global_tooltip_width_laptop&quot;:{&quot;unit&quot;:&quot;px&quot;,&quot;size&quot;:&quot;&quot;,&quot;sizes&quot;:[]},&quot;element_pack_global_tooltip_width_tablet&quot;:{&quot;unit&quot;:&quot;px&quot;,&quot;size&quot;:&quot;&quot;,&quot;sizes&quot;:[]},&quot;element_pack_global_tooltip_width_mobile&quot;:{&quot;unit&quot;:&quot;px&quot;,&quot;size&quot;:&quot;&quot;,&quot;sizes&quot;:[]},&quot;element_pack_global_tooltip_padding&quot;:{&quot;unit&quot;:&quot;px&quot;,&quot;top&quot;:&quot;&quot;,&quot;right&quot;:&quot;&quot;,&quot;bottom&quot;:&quot;&quot;,&quot;left&quot;:&quot;&quot;,&quot;isLinked&quot;:true},&quot;element_pack_global_tooltip_padding_laptop&quot;:{&quot;unit&quot;:&quot;px&quot;,&quot;top&quot;:&quot;&quot;,&quot;right&quot;:&quot;&quot;,&quot;bottom&quot;:&quot;&quot;,&quot;left&quot;:&quot;&quot;,&quot;isLinked&quot;:true},&quot;element_pack_global_tooltip_padding_tablet&quot;:{&quot;unit&quot;:&quot;px&quot;,&quot;top&quot;:&quot;&quot;,&quot;right&quot;:&quot;&quot;,&quot;bottom&quot;:&quot;&quot;,&quot;left&quot;:&quot;&quot;,&quot;isLinked&quot;:true},&quot;element_pack_global_tooltip_padding_mobile&quot;:{&quot;unit&quot;:&quot;px&quot;,&quot;top&quot;:&quot;&quot;,&quot;right&quot;:&quot;&quot;,&quot;bottom&quot;:&quot;&quot;,&quot;left&quot;:&quot;&quot;,&quot;isLinked&quot;:true},&quot;element_pack_global_tooltip_border_radius&quot;:{&quot;unit&quot;:&quot;px&quot;,&quot;top&quot;:&quot;&quot;,&quot;right&quot;:&quot;&quot;,&quot;bottom&quot;:&quot;&quot;,&quot;left&quot;:&quot;&quot;,&quot;isLinked&quot;:true},&quot;element_pack_global_tooltip_border_radius_laptop&quot;:{&quot;unit&quot;:&quot;px&quot;,&quot;top&quot;:&quot;&quot;,&quot;right&quot;:&quot;&quot;,&quot;bottom&quot;:&quot;&quot;,&quot;left&quot;:&quot;&quot;,&quot;isLinked&quot;:true},&quot;element_pack_global_tooltip_border_radius_tablet&quot;:{&quot;unit&quot;:&quot;px&quot;,&quot;top&quot;:&quot;&quot;,&quot;right&quot;:&quot;&quot;,&quot;bottom&quot;:&quot;&quot;,&quot;left&quot;:&quot;&quot;,&quot;isLinked&quot;:true},&quot;element_pack_global_tooltip_border_radius_mobile&quot;:{&quot;unit&quot;:&quot;px&quot;,&quot;top&quot;:&quot;&quot;,&quot;right&quot;:&quot;&quot;,&quot;bottom&quot;:&quot;&quot;,&quot;left&quot;:&quot;&quot;,&quot;isLinked&quot;:true}}\" data-elementor-post-type=\"page\">\n\t\t\t\t<div class=\"elementor-element elementor-element-5c185b0 e-flex e-con-boxed e-con e-parent\" data-id=\"5c185b0\" data-element_type=\"container\" data-e-type=\"container\" data-settings=\"{&quot;background_background&quot;:&quot;classic&quot;}\">\n\t\t\t\t\t<div class=\"e-con-inner\">\n\t\t<div class=\"elementor-element elementor-element-d7ddadf e-con-full e-flex e-con e-child\" data-id=\"d7ddadf\" data-element_type=\"container\" data-e-type=\"container\">\n\t\t\t\t<div class=\"elementor-element elementor-element-e6c9d03 elementor-widget__width-initial elementor-widget elementor-widget-heading\" data-id=\"e6c9d03\" data-element_type=\"widget\" data-e-type=\"widget\" data-widget_type=\"heading.default\">\n\t\t\t\t\t<h2 class=\"elementor-heading-title elementor-size-default\">Saadetise pakendamine<\/h2>\t\t\t\t<\/div>\n\t\t\t\t<div class=\"elementor-element elementor-element-dd6d3f3 elementor-widget__width-initial elementor-widget elementor-widget-heading\" data-id=\"dd6d3f3\" data-element_type=\"widget\" data-e-type=\"widget\" data-widget_type=\"heading.default\">\n\t\t\t\t\t<h2 class=\"elementor-heading-title elementor-size-default\">Soovid, et sinu saadetis tervelt ja \u00f5igeaegselt kohale j\u00f5uaks? Selleks tuleb saadetis pakendada ja adresseerida korrektselt.<\/h2>\t\t\t\t<\/div>\n\t\t\t\t<div class=\"elementor-element elementor-element-5e204b9 elementor-widget__width-initial elementor-widget elementor-widget-text-editor\" data-id=\"5e204b9\" data-element_type=\"widget\" data-e-type=\"widget\" data-widget_type=\"text-editor.default\">\n\t\t\t\t\t\t\t\t\t<p><strong>\u2713<\/strong>\u00a0Pakkematerjali valimisel arvesta eseme suuruse, kuju ja erip\u00e4radega.<br \/><strong>\u2713<\/strong>\u00a0Pakendamiseks kasuta pappkarpi, pappkasti, lainepappi, mullikilet, pakkekilet, turva\u00fcmbrikut.<br \/><strong>\u2713<\/strong>\u00a0Pakend peab olema l\u00e4bim\u00f5eldud ja tugev, et saadetise sisu kaitsta kogu veoahela v\u00e4ltel.<br \/><strong>\u2713<\/strong>\u00a0Pakendil peab olema piisavalt t\u00fchja pinda, kuhu saaks kirjutada saatja ja saaja andmed v\u00f5i kleepida pakisilt<br \/><strong>\u2713<\/strong>\u00a0Taaskasutatud pakendilt tuleb eemaldada v\u00f5i kinni katta vanad pakisildid, triipkoodid, erik\u00e4sitlusm\u00e4rgised jmt info, mis ei ole seotud konkreetse saadetise transpordiga.<br \/><strong>\u2713<\/strong>\u00a0<strong>Pakume Cargobusi terminalides laia valikut erinevat pakkematerjali, et tagada parim kaitse sinu saadetisele. Soovi korral teostame ka pakendamise sinu eest.<\/strong><strong>\u00a0<\/strong><\/p>\n<p><a title=\"SAADA PAKK\" href=\"https:\/\/cargobus.ee\/tellige\/\" target=\"_blank\" rel=\"noopener\"><strong>SAADA PAKK<\/strong><\/a>\u00a0juba t\u00e4na v\u00f5i tutvu meie\u00a0<a title=\"HINNAKIRI\" href=\"https:\/\/cargobus.ee\/teenused\/hinnakiri\/\" target=\"_blank\" rel=\"noopener\"><strong>HINNAKIRJAGA<\/strong><\/a>!<\/p>\n\t\t\t\t\t\t\t\t<\/div>\n\t\t\t\t<\/div>\n\t\t<div class=\"elementor-element elementor-element-480ff4c e-con-full e-flex e-con e-child\" data-id=\"480ff4c\" data-element_type=\"container\" data-e-type=\"container\">\n\t\t\t\t<div class=\"elementor-element elementor-element-854784e elementor-widget elementor-widget-image\" data-id=\"854784e\" data-element_type=\"widget\" data-e-type=\"widget\" data-widget_type=\"image.default\">\n\t\t\t\t\t\t\t\t\t\t\t\t\t\t\t<img fetchpriority=\"high\" decoding=\"async\" width=\"960\" height=\"480\" src=\"https:\/\/cargobus.ee\/wp-content\/uploads\/2024\/05\/Cargobus-shipment-packaging.webp\" class=\"attachment-full size-full wp-image-5345\" alt=\"\" srcset=\"https:\/\/cargobus.ee\/wp-content\/uploads\/2024\/05\/Cargobus-shipment-packaging.webp 960w, https:\/\/cargobus.ee\/wp-content\/uploads\/2024\/05\/Cargobus-shipment-packaging-300x150.webp 300w, https:\/\/cargobus.ee\/wp-content\/uploads\/2024\/05\/Cargobus-shipment-packaging-768x384.webp 768w\" sizes=\"(max-width: 960px) 100vw, 960px\" \/>\t\t\t\t\t\t\t\t\t\t\t\t\t\t\t<\/div>\n\t\t\t\t<\/div>\n\t\t\t\t\t<\/div>\n\t\t\t\t<\/div>\n\t\t<div class=\"elementor-element elementor-element-812af33 e-flex e-con-boxed e-con e-parent\" data-id=\"812af33\" data-element_type=\"container\" data-e-type=\"container\" data-settings=\"{&quot;background_background&quot;:&quot;classic&quot;}\">\n\t\t\t\t\t<div class=\"e-con-inner\">\n\t\t<div class=\"elementor-element elementor-element-a16d787 e-con-full e-flex e-con e-child\" data-id=\"a16d787\" data-element_type=\"container\" data-e-type=\"container\">\n\t\t\t\t<div class=\"elementor-element elementor-element-3b43729 elementor-widget elementor-widget-image\" data-id=\"3b43729\" data-element_type=\"widget\" data-e-type=\"widget\" data-widget_type=\"image.default\">\n\t\t\t\t\t\t\t\t\t\t\t\t\t\t\t<img decoding=\"async\" width=\"960\" height=\"480\" src=\"https:\/\/cargobus.ee\/wp-content\/uploads\/2024\/05\/Cargobus-shipment-dimensions-and-contents-packaging.webp\" class=\"attachment-full size-full wp-image-5347\" alt=\"\" srcset=\"https:\/\/cargobus.ee\/wp-content\/uploads\/2024\/05\/Cargobus-shipment-dimensions-and-contents-packaging.webp 960w, https:\/\/cargobus.ee\/wp-content\/uploads\/2024\/05\/Cargobus-shipment-dimensions-and-contents-packaging-300x150.webp 300w, https:\/\/cargobus.ee\/wp-content\/uploads\/2024\/05\/Cargobus-shipment-dimensions-and-contents-packaging-768x384.webp 768w\" sizes=\"(max-width: 960px) 100vw, 960px\" \/>\t\t\t\t\t\t\t\t\t\t\t\t\t\t\t<\/div>\n\t\t\t\t<\/div>\n\t\t<div class=\"elementor-element elementor-element-0388548 e-con-full e-flex e-con e-child\" data-id=\"0388548\" data-element_type=\"container\" data-e-type=\"container\">\n\t\t\t\t<div class=\"elementor-element elementor-element-12b9832 elementor-widget__width-initial elementor-widget elementor-widget-heading\" data-id=\"12b9832\" data-element_type=\"widget\" data-e-type=\"widget\" data-widget_type=\"heading.default\">\n\t\t\t\t\t<h2 class=\"elementor-heading-title elementor-size-default\">Saadetise m\u00f5\u00f5tmed ja sisu pakendamine<\/h2>\t\t\t\t<\/div>\n\t\t\t\t<div class=\"elementor-element elementor-element-6de90d1 elementor-widget__width-initial elementor-widget elementor-widget-text-editor\" data-id=\"6de90d1\" data-element_type=\"widget\" data-e-type=\"widget\" data-widget_type=\"text-editor.default\">\n\t\t\t\t\t\t\t\t\t<p><strong>\u2713<\/strong>\u00a0Minimaalsed pakendi m\u00f5\u00f5tmed v\u00f5ivad olla 1 cm x 10 cm x 15 cm (k\u00f5rgus x laius x pikkus).<br \/><strong>\u2713<\/strong>\u00a0Pakend ei tohi eseme suhtes olla liiga v\u00e4ike ega liiga suur.<br \/><strong>\u2713<\/strong>\u00a0Saadetav ese tuleb fikseerida pakendis t\u00e4itematerjaliga.<br \/><strong>\u2713<\/strong>\u00a0Saadetav ese ei tohi pakendist v\u00e4lja ulatuda.<\/p>\n\t\t\t\t\t\t\t\t<\/div>\n\t\t\t\t<\/div>\n\t\t\t\t\t<\/div>\n\t\t\t\t<\/div>\n\t\t<div class=\"elementor-element elementor-element-788f49f e-flex e-con-boxed e-con e-parent\" data-id=\"788f49f\" data-element_type=\"container\" data-e-type=\"container\" data-settings=\"{&quot;background_background&quot;:&quot;classic&quot;}\">\n\t\t\t\t\t<div class=\"e-con-inner\">\n\t\t<div class=\"elementor-element elementor-element-7e6349c e-con-full e-flex e-con e-child\" data-id=\"7e6349c\" data-element_type=\"container\" data-e-type=\"container\">\n\t\t\t\t<div class=\"elementor-element elementor-element-1c2af43 elementor-widget__width-initial elementor-widget elementor-widget-heading\" data-id=\"1c2af43\" data-element_type=\"widget\" data-e-type=\"widget\" data-widget_type=\"heading.default\">\n\t\t\t\t\t<h2 class=\"elementor-heading-title elementor-size-default\">Saadetise adresseerimine<\/h2>\t\t\t\t<\/div>\n\t\t\t\t<div class=\"elementor-element elementor-element-de9b217 elementor-widget__width-initial elementor-widget elementor-widget-heading\" data-id=\"de9b217\" data-element_type=\"widget\" data-e-type=\"widget\" data-widget_type=\"heading.default\">\n\t\t\t\t\t<h2 class=\"elementor-heading-title elementor-size-default\">Kodulehel eelvormistatud saadetise markeerimine:<\/h2>\t\t\t\t<\/div>\n\t\t\t\t<div class=\"elementor-element elementor-element-cc00021 elementor-widget__width-initial elementor-widget elementor-widget-text-editor\" data-id=\"cc00021\" data-element_type=\"widget\" data-e-type=\"widget\" data-widget_type=\"text-editor.default\">\n\t\t\t\t\t\t\t\t\t<p><strong>\u2713<\/strong>\u00a0Mine lehele\u00a0<a title=\"SAAD PAKK\" href=\"https:\/\/cargobus.ee\/tellige\/\" target=\"_blank\" rel=\"noopener\"><strong>SAADA PAKK<\/strong><\/a>\u00a0ning t\u00e4ida vajalikud v\u00e4ljad. Vaata l\u00e4hemalt\u00a0<strong><a title=\"KUIDAS SAATA?\" href=\"https:\/\/cargobus.ee\/kuidas-saata\/\" target=\"_blank\" rel=\"noopener\">KUIDAS SAATA?<\/a><br \/>\n<\/strong><strong>\u2713<\/strong>\u00a0Kui makse on edukalt sooritatud, avaneb v\u00f5imalus printida v\u00e4lja pakisilt.<br \/><strong>\u2713<\/strong>\u00a0Kinnita pakisilt na\u0308htavalt saadetisele ning toimeta see Cargobusi\u00a0<a title=\"TERMINALID\" href=\"https:\/\/cargobus.ee\/terminalid\/\" target=\"_blank\" rel=\"noopener\"><strong>TERMINALI<\/strong><\/a>\u00a0v\u00f5i anna \u00fcle kullerile.<br \/><strong>\u2713<\/strong>\u00a0Pakisildi kinnitamisel tuleb j\u00e4lgida, et v\u00f6\u00f6tkood\/QR-kood oleks antud pakil ainukene ning loetav t\u00e4ies ulatuses.<br \/><strong>\u2713<\/strong>\u00a0Pakisilt ei tohi olla kortsus, moonutatud, kleebitud \u00fcle serva v\u00f5i pakendi \u00fchenduskohtade peale<br \/><strong>\u2713<\/strong>\u00a0Kui sul ei ole printimisv\u00f5imalust, siis kirjuta saadetisele k\u00e4sitsi ja loetavas k\u00e4ekirjas j\u00e4rgnev info:<br \/><strong>\u00a0 \u00a0 \u00a0\u2192<\/strong>\u00a0Saatja ja saaja t\u00e4isnimed v\u00f5i juriidiliste isikute nimed.<br \/><strong>\u00a0 \u00a0 \u00a0\u2192 <\/strong>Saatja ja saaja telefoninumbrid.<br \/><strong>\u00a0 \u00a0 \u00a0\u2192 <\/strong>Saatja e-posti aadress.<br \/><strong>\u00a0 \u00a0 \u00a0\u2192 <\/strong>L\u00e4hte- ja sihtkoha t\u00e4pne aadress v\u00f5i terminal.<\/p>\n\t\t\t\t\t\t\t\t<\/div>\n\t\t\t\t<div class=\"elementor-element elementor-element-3d05bef elementor-widget__width-initial elementor-widget elementor-widget-heading\" data-id=\"3d05bef\" data-element_type=\"widget\" data-e-type=\"widget\" data-widget_type=\"heading.default\">\n\t\t\t\t\t<h2 class=\"elementor-heading-title elementor-size-default\">Cargobusi terminalis v\u00f5i kullerile antava saadetise markeerimine:<\/h2>\t\t\t\t<\/div>\n\t\t\t\t<div class=\"elementor-element elementor-element-3a9354d elementor-widget__width-initial elementor-widget elementor-widget-text-editor\" data-id=\"3a9354d\" data-element_type=\"widget\" data-e-type=\"widget\" data-widget_type=\"text-editor.default\">\n\t\t\t\t\t\t\t\t\t<p><strong>\u00a0 \u00a0 \u00a0 \u2192<\/strong>\u00a0Saatja ja saaja t\u00e4isnimed v\u00f5i juriidiliste isikute nimed.<br \/><strong>\u00a0 \u00a0 \u00a0 \u2192<\/strong>\u00a0Saatja ja saaja telefoninumbrid.<br \/><strong>\u00a0 \u00a0 \u00a0 \u2192<\/strong>\u00a0Saatja e-posti aadress.<br \/><strong>\u00a0 \u00a0 \u00a0 \u2192<\/strong>\u00a0L\u00e4hte- ja sihtkoha t\u00e4pne aadress v\u00f5i terminal.<\/p>\n\t\t\t\t\t\t\t\t<\/div>\n\t\t\t\t<div class=\"elementor-element elementor-element-2899483 elementor-widget__width-initial elementor-widget elementor-widget-heading\" data-id=\"2899483\" data-element_type=\"widget\" data-e-type=\"widget\" data-widget_type=\"heading.default\">\n\t\t\t\t\t<h2 class=\"elementor-heading-title elementor-size-default\">NB!<\/h2>\t\t\t\t<\/div>\n\t\t\t\t<div class=\"elementor-element elementor-element-03469ad elementor-widget__width-initial elementor-widget elementor-widget-text-editor\" data-id=\"03469ad\" data-element_type=\"widget\" data-e-type=\"widget\" data-widget_type=\"text-editor.default\">\n\t\t\t\t\t\t\t\t\t<p><strong>\u2713<\/strong>\u00a0Saadetise markeerimisel kasuta ladina t\u00e4hti ja araabia numbreid.<br \/><strong>\u2713<\/strong>\u00a0Rahvusvahelisele saadetisele kirjuta aadress ka sihtriigis kasutusel olevate t\u00e4htede ja numbritega.<br \/><strong>\u2713<\/strong>\u00a0Rahvusvahelisele saadetisele kirjuta sihtriigi nimetus inglise keeles.<\/p>\n\t\t\t\t\t\t\t\t<\/div>\n\t\t\t\t<\/div>\n\t\t<div class=\"elementor-element elementor-element-b899f75 e-con-full e-flex e-con e-child\" data-id=\"b899f75\" data-element_type=\"container\" data-e-type=\"container\">\n\t\t\t\t<div class=\"elementor-element elementor-element-58dd105 elementor-widget elementor-widget-image\" data-id=\"58dd105\" data-element_type=\"widget\" data-e-type=\"widget\" data-widget_type=\"image.default\">\n\t\t\t\t\t\t\t\t\t\t\t\t\t\t\t<img decoding=\"async\" width=\"960\" height=\"480\" src=\"https:\/\/cargobus.ee\/wp-content\/uploads\/2024\/05\/Cargobus-shipment-addressing.webp\" class=\"attachment-full size-full wp-image-5349\" alt=\"\" srcset=\"https:\/\/cargobus.ee\/wp-content\/uploads\/2024\/05\/Cargobus-shipment-addressing.webp 960w, https:\/\/cargobus.ee\/wp-content\/uploads\/2024\/05\/Cargobus-shipment-addressing-300x150.webp 300w, https:\/\/cargobus.ee\/wp-content\/uploads\/2024\/05\/Cargobus-shipment-addressing-768x384.webp 768w\" sizes=\"(max-width: 960px) 100vw, 960px\" \/>\t\t\t\t\t\t\t\t\t\t\t\t\t\t\t<\/div>\n\t\t\t\t<\/div>\n\t\t\t\t\t<\/div>\n\t\t\t\t<\/div>\n\t\t<div class=\"elementor-element elementor-element-a96958d e-flex e-con-boxed e-con e-parent\" data-id=\"a96958d\" data-element_type=\"container\" data-e-type=\"container\" data-settings=\"{&quot;background_background&quot;:&quot;classic&quot;}\">\n\t\t\t\t\t<div class=\"e-con-inner\">\n\t\t<div class=\"elementor-element elementor-element-59b5807 e-con-full e-flex e-con e-child\" data-id=\"59b5807\" data-element_type=\"container\" data-e-type=\"container\">\n\t\t\t\t<div class=\"elementor-element elementor-element-e6b2342 elementor-widget elementor-widget-image\" data-id=\"e6b2342\" data-element_type=\"widget\" data-e-type=\"widget\" data-widget_type=\"image.default\">\n\t\t\t\t\t\t\t\t\t\t\t\t\t\t\t<img loading=\"lazy\" decoding=\"async\" width=\"960\" height=\"480\" src=\"https:\/\/cargobus.ee\/wp-content\/uploads\/2024\/05\/Cargobus-easy-shipment-registration-for-business-customers-1665574466-_1_.webp\" class=\"attachment-full size-full wp-image-5351\" alt=\"\" srcset=\"https:\/\/cargobus.ee\/wp-content\/uploads\/2024\/05\/Cargobus-easy-shipment-registration-for-business-customers-1665574466-_1_.webp 960w, https:\/\/cargobus.ee\/wp-content\/uploads\/2024\/05\/Cargobus-easy-shipment-registration-for-business-customers-1665574466-_1_-300x150.webp 300w, https:\/\/cargobus.ee\/wp-content\/uploads\/2024\/05\/Cargobus-easy-shipment-registration-for-business-customers-1665574466-_1_-768x384.webp 768w\" sizes=\"(max-width: 960px) 100vw, 960px\" \/>\t\t\t\t\t\t\t\t\t\t\t\t\t\t\t<\/div>\n\t\t\t\t<\/div>\n\t\t<div class=\"elementor-element elementor-element-875a6e7 e-con-full e-flex e-con e-child\" data-id=\"875a6e7\" data-element_type=\"container\" data-e-type=\"container\">\n\t\t\t\t<div class=\"elementor-element elementor-element-4593944 elementor-widget__width-initial elementor-widget elementor-widget-heading\" data-id=\"4593944\" data-element_type=\"widget\" data-e-type=\"widget\" data-widget_type=\"heading.default\">\n\t\t\t\t\t<h2 class=\"elementor-heading-title elementor-size-default\">Saadetise lihtne vormistamine \u00e4riklientidele<\/h2>\t\t\t\t<\/div>\n\t\t\t\t<div class=\"elementor-element elementor-element-31abc1e elementor-widget__width-initial elementor-widget elementor-widget-text-editor\" data-id=\"31abc1e\" data-element_type=\"widget\" data-e-type=\"widget\" data-widget_type=\"text-editor.default\">\n\t\t\t\t\t\t\t\t\t<p><strong>\u2713<\/strong>\u00a0K\u00f5ige mugavam on saadetis vormistada Cargobusi\u00a0<a title=\"ISETEENINDUS\" href=\"https:\/\/customer.cargobus.ee\/?lang=ee\" target=\"_blank\" rel=\"noopener\"><strong>ISETEENINDUSES<\/strong><\/a>, kust saab saadetise numbri, mida pakile kirjutada.<br \/><strong>\u2713<\/strong>\u00a0<strong><a title=\"ISETEENINDUS\" href=\"https:\/\/customer.cargobus.ee\/?lang=ee\" target=\"_blank\" rel=\"noopener\">ISETEENINDUSES<\/a><\/strong>\u00a0on v\u00f5imalik saadetise markeerimiseks v\u00e4lja printida n\u00f5uetekohane pakisilt, mida pakile kinnitada.<br \/><strong>\u2713<\/strong>\u00a0Pakisildi kinnitamisel tuleb j\u00e4lgida, et v\u00f6\u00f6tkood\/QR-kood oleks antud pakil ainukene ning loetav t\u00e4ies ulatuses.<br \/><strong>\u2713<\/strong>\u00a0Pakisilt ei tohi olla kortsus, moonutatud, kleebitud \u00fcle serva v\u00f5i pakendi \u00fchenduskohtade peale.<\/p>\n\t\t\t\t\t\t\t\t<\/div>\n\t\t\t\t<\/div>\n\t\t\t\t\t<\/div>\n\t\t\t\t<\/div>\n\t\t\t\t<\/div>\n\t\t","protected":false},"excerpt":{"rendered":"<p>Saadetise pakendamine Soovid, et sinu saadetis tervelt ja \u00f5igeaegselt kohale j\u00f5uaks? Selleks tuleb saadetis pakendada ja adresseerida korrektselt. \u2713\u00a0Pakkematerjali valimisel [&hellip;]<\/p>\n","protected":false},"author":1,"featured_media":0,"parent":0,"menu_order":0,"comment_status":"closed","ping_status":"closed","template":"elementor_header_footer","meta":{"_acf_changed":false,"site-sidebar-layout":"default","site-content-layout":"","ast-site-content-layout":"default","site-content-style":"default","site-sidebar-style":"default","ast-global-header-display":"","ast-banner-title-visibility":"","ast-main-header-display":"","ast-hfb-above-header-display":"","ast-hfb-below-header-display":"","ast-hfb-mobile-header-display":"","site-post-title":"","ast-breadcrumbs-content":"","ast-featured-img":"","footer-sml-layout":"","ast-disable-related-posts":"","theme-transparent-header-meta":"","adv-header-id-meta":"","stick-header-meta":"","header-above-stick-meta":"","header-main-stick-meta":"","header-below-stick-meta":"","astra-migrate-meta-layouts":"default","ast-page-background-enabled":"default","ast-page-background-meta":{"desktop":{"background-color":"var(--ast-global-color-4)","background-image":"","background-repeat":"repeat","background-position":"center center","background-size":"auto","background-attachment":"scroll","background-type":"","background-media":"","overlay-type":"","overlay-color":"","overlay-opacity":"","overlay-gradient":""},"tablet":{"background-color":"","background-image":"","background-repeat":"repeat","background-position":"center center","background-size":"auto","background-attachment":"scroll","background-type":"","background-media":"","overlay-type":"","overlay-color":"","overlay-opacity":"","overlay-gradient":""},"mobile":{"background-color":"","background-image":"","background-repeat":"repeat","background-position":"center center","background-size":"auto","background-attachment":"scroll","background-type":"","background-media":"","overlay-type":"","overlay-color":"","overlay-opacity":"","overlay-gradient":""}},"ast-content-background-meta":{"desktop":{"background-color":"var(--ast-global-color-5)","background-image":"","background-repeat":"repeat","background-position":"center center","background-size":"auto","background-attachment":"scroll","background-type":"","background-media":"","overlay-type":"","overlay-color":"","overlay-opacity":"","overlay-gradient":""},"tablet":{"background-color":"var(--ast-global-color-5)","background-image":"","background-repeat":"repeat","background-position":"center center","background-size":"auto","background-attachment":"scroll","background-type":"","background-media":"","overlay-type":"","overlay-color":"","overlay-opacity":"","overlay-gradient":""},"mobile":{"background-color":"var(--ast-global-color-5)","background-image":"","background-repeat":"repeat","background-position":"center center","background-size":"auto","background-attachment":"scroll","background-type":"","background-media":"","overlay-type":"","overlay-color":"","overlay-opacity":"","overlay-gradient":""}},"footnotes":""},"class_list":["post-5664","page","type-page","status-publish","hentry"],"acf":[],"_links":{"self":[{"href":"https:\/\/cargobus.ee\/et\/wp-json\/wp\/v2\/pages\/5664","targetHints":{"allow":["GET"]}}],"collection":[{"href":"https:\/\/cargobus.ee\/et\/wp-json\/wp\/v2\/pages"}],"about":[{"href":"https:\/\/cargobus.ee\/et\/wp-json\/wp\/v2\/types\/page"}],"author":[{"embeddable":true,"href":"https:\/\/cargobus.ee\/et\/wp-json\/wp\/v2\/users\/1"}],"replies":[{"embeddable":true,"href":"https:\/\/cargobus.ee\/et\/wp-json\/wp\/v2\/comments?post=5664"}],"version-history":[{"count":12,"href":"https:\/\/cargobus.ee\/et\/wp-json\/wp\/v2\/pages\/5664\/revisions"}],"predecessor-version":[{"id":14519,"href":"https:\/\/cargobus.ee\/et\/wp-json\/wp\/v2\/pages\/5664\/revisions\/14519"}],"wp:attachment":[{"href":"https:\/\/cargobus.ee\/et\/wp-json\/wp\/v2\/media?parent=5664"}],"curies":[{"name":"wp","href":"https:\/\/api.w.org\/{rel}","templated":true}]}}