{"id":5668,"date":"2024-05-22T15:40:09","date_gmt":"2024-05-22T12:40:09","guid":{"rendered":"https:\/\/bus.chingiz.online\/kuidas-saata\/"},"modified":"2025-11-25T17:34:20","modified_gmt":"2025-11-25T14:34:20","slug":"kuidas-saata","status":"publish","type":"page","link":"https:\/\/cargobus.ee\/et\/kuidas-saata\/","title":{"rendered":"KUIDAS SAATA?"},"content":{"rendered":"\t\t<div data-elementor-type=\"wp-page\" data-elementor-id=\"5668\" class=\"elementor elementor-5668 elementor-466\" data-elementor-settings=\"{&quot;element_pack_global_tooltip_width&quot;:{&quot;unit&quot;:&quot;px&quot;,&quot;size&quot;:&quot;&quot;,&quot;sizes&quot;:[]},&quot;element_pack_global_tooltip_width_laptop&quot;:{&quot;unit&quot;:&quot;px&quot;,&quot;size&quot;:&quot;&quot;,&quot;sizes&quot;:[]},&quot;element_pack_global_tooltip_width_tablet&quot;:{&quot;unit&quot;:&quot;px&quot;,&quot;size&quot;:&quot;&quot;,&quot;sizes&quot;:[]},&quot;element_pack_global_tooltip_width_mobile&quot;:{&quot;unit&quot;:&quot;px&quot;,&quot;size&quot;:&quot;&quot;,&quot;sizes&quot;:[]},&quot;element_pack_global_tooltip_padding&quot;:{&quot;unit&quot;:&quot;px&quot;,&quot;top&quot;:&quot;&quot;,&quot;right&quot;:&quot;&quot;,&quot;bottom&quot;:&quot;&quot;,&quot;left&quot;:&quot;&quot;,&quot;isLinked&quot;:true},&quot;element_pack_global_tooltip_padding_laptop&quot;:{&quot;unit&quot;:&quot;px&quot;,&quot;top&quot;:&quot;&quot;,&quot;right&quot;:&quot;&quot;,&quot;bottom&quot;:&quot;&quot;,&quot;left&quot;:&quot;&quot;,&quot;isLinked&quot;:true},&quot;element_pack_global_tooltip_padding_tablet&quot;:{&quot;unit&quot;:&quot;px&quot;,&quot;top&quot;:&quot;&quot;,&quot;right&quot;:&quot;&quot;,&quot;bottom&quot;:&quot;&quot;,&quot;left&quot;:&quot;&quot;,&quot;isLinked&quot;:true},&quot;element_pack_global_tooltip_padding_mobile&quot;:{&quot;unit&quot;:&quot;px&quot;,&quot;top&quot;:&quot;&quot;,&quot;right&quot;:&quot;&quot;,&quot;bottom&quot;:&quot;&quot;,&quot;left&quot;:&quot;&quot;,&quot;isLinked&quot;:true},&quot;element_pack_global_tooltip_border_radius&quot;:{&quot;unit&quot;:&quot;px&quot;,&quot;top&quot;:&quot;&quot;,&quot;right&quot;:&quot;&quot;,&quot;bottom&quot;:&quot;&quot;,&quot;left&quot;:&quot;&quot;,&quot;isLinked&quot;:true},&quot;element_pack_global_tooltip_border_radius_laptop&quot;:{&quot;unit&quot;:&quot;px&quot;,&quot;top&quot;:&quot;&quot;,&quot;right&quot;:&quot;&quot;,&quot;bottom&quot;:&quot;&quot;,&quot;left&quot;:&quot;&quot;,&quot;isLinked&quot;:true},&quot;element_pack_global_tooltip_border_radius_tablet&quot;:{&quot;unit&quot;:&quot;px&quot;,&quot;top&quot;:&quot;&quot;,&quot;right&quot;:&quot;&quot;,&quot;bottom&quot;:&quot;&quot;,&quot;left&quot;:&quot;&quot;,&quot;isLinked&quot;:true},&quot;element_pack_global_tooltip_border_radius_mobile&quot;:{&quot;unit&quot;:&quot;px&quot;,&quot;top&quot;:&quot;&quot;,&quot;right&quot;:&quot;&quot;,&quot;bottom&quot;:&quot;&quot;,&quot;left&quot;:&quot;&quot;,&quot;isLinked&quot;:true}}\" data-elementor-post-type=\"page\">\n\t\t\t\t<div class=\"elementor-element elementor-element-aa0edf0 e-flex e-con-boxed e-con e-parent\" data-id=\"aa0edf0\" data-element_type=\"container\" data-e-type=\"container\" data-settings=\"{&quot;background_background&quot;:&quot;classic&quot;}\">\n\t\t\t\t\t<div class=\"e-con-inner\">\n\t\t<div class=\"elementor-element elementor-element-5ffeaf6 e-con-full e-flex e-con e-child\" data-id=\"5ffeaf6\" data-element_type=\"container\" data-e-type=\"container\">\n\t\t\t\t<div class=\"elementor-element elementor-element-5b12412 elementor-widget elementor-widget-heading\" data-id=\"5b12412\" data-element_type=\"widget\" data-e-type=\"widget\" data-widget_type=\"heading.default\">\n\t\t\t\t\t<h3 class=\"elementor-heading-title elementor-size-default\">1) Tellimisvormi t\u00e4itmine<\/h3>\t\t\t\t<\/div>\n\t\t\t\t<div class=\"elementor-element elementor-element-d44de6a elementor-widget__width-initial elementor-widget elementor-widget-text-editor\" data-id=\"d44de6a\" data-element_type=\"widget\" data-e-type=\"widget\" data-widget_type=\"text-editor.default\">\n\t\t\t\t\t\t\t\t\t<p>Vali, kuidas soovid oma pakki saata ning t\u00e4ida paki m\u00f5\u00f5tmete ja kaalu v\u00e4ljad.<\/p>\n<p><strong>\u2192<\/strong>\u00a0Ekspressteenus terminalist terminali.<br \/><strong>\u2192<\/strong>\u00a0Kulleriga uksest ukseni.<br \/><strong>\u2192<\/strong>\u00a0Kulleriga saatja aadressilt Cargobusi terminali.<br \/><strong>\u2192<\/strong>\u00a0Cargobusi terminalist kulleriga saaja aadressile.<\/p>\n\t\t\t\t\t\t\t\t<\/div>\n\t\t\t\t<\/div>\n\t\t<div class=\"elementor-element elementor-element-8f6a70c e-con-full e-flex e-con e-child\" data-id=\"8f6a70c\" data-element_type=\"container\" data-e-type=\"container\">\n\t\t\t\t<div class=\"elementor-element elementor-element-b80a97c elementor-widget elementor-widget-image\" data-id=\"b80a97c\" data-element_type=\"widget\" data-e-type=\"widget\" data-widget_type=\"image.default\">\n\t\t\t\t\t\t\t\t\t\t\t\t\t\t\t<img fetchpriority=\"high\" decoding=\"async\" width=\"960\" height=\"480\" src=\"https:\/\/cargobus.ee\/wp-content\/uploads\/2024\/05\/Cargobus-fill-out-the-order-form.webp\" class=\"attachment-full size-full wp-image-5333\" alt=\"\" srcset=\"https:\/\/cargobus.ee\/wp-content\/uploads\/2024\/05\/Cargobus-fill-out-the-order-form.webp 960w, https:\/\/cargobus.ee\/wp-content\/uploads\/2024\/05\/Cargobus-fill-out-the-order-form-300x150.webp 300w, https:\/\/cargobus.ee\/wp-content\/uploads\/2024\/05\/Cargobus-fill-out-the-order-form-768x384.webp 768w\" sizes=\"(max-width: 960px) 100vw, 960px\" \/>\t\t\t\t\t\t\t\t\t\t\t\t\t\t\t<\/div>\n\t\t\t\t<\/div>\n\t\t\t\t\t<\/div>\n\t\t\t\t<\/div>\n\t\t<div class=\"elementor-element elementor-element-2045372 e-flex e-con-boxed e-con e-parent\" data-id=\"2045372\" data-element_type=\"container\" data-e-type=\"container\" data-settings=\"{&quot;background_background&quot;:&quot;classic&quot;}\">\n\t\t\t\t\t<div class=\"e-con-inner\">\n\t\t<div class=\"elementor-element elementor-element-da84cae e-con-full e-flex e-con e-child\" data-id=\"da84cae\" data-element_type=\"container\" data-e-type=\"container\">\n\t\t\t\t<div class=\"elementor-element elementor-element-2f3a471 elementor-widget elementor-widget-image\" data-id=\"2f3a471\" data-element_type=\"widget\" data-e-type=\"widget\" data-widget_type=\"image.default\">\n\t\t\t\t\t\t\t\t\t\t\t\t\t\t\t<img decoding=\"async\" width=\"960\" height=\"480\" src=\"https:\/\/cargobus.ee\/wp-content\/uploads\/2024\/05\/Cargobus-select-services.webp\" class=\"attachment-full size-full wp-image-5335\" alt=\"\" srcset=\"https:\/\/cargobus.ee\/wp-content\/uploads\/2024\/05\/Cargobus-select-services.webp 960w, https:\/\/cargobus.ee\/wp-content\/uploads\/2024\/05\/Cargobus-select-services-300x150.webp 300w, https:\/\/cargobus.ee\/wp-content\/uploads\/2024\/05\/Cargobus-select-services-768x384.webp 768w\" sizes=\"(max-width: 960px) 100vw, 960px\" \/>\t\t\t\t\t\t\t\t\t\t\t\t\t\t\t<\/div>\n\t\t\t\t<\/div>\n\t\t<div class=\"elementor-element elementor-element-3d80922 e-con-full e-flex e-con e-child\" data-id=\"3d80922\" data-element_type=\"container\" data-e-type=\"container\">\n\t\t\t\t<div class=\"elementor-element elementor-element-d4b37d9 elementor-widget__width-initial elementor-widget elementor-widget-heading\" data-id=\"d4b37d9\" data-element_type=\"widget\" data-e-type=\"widget\" data-widget_type=\"heading.default\">\n\t\t\t\t\t<h3 class=\"elementor-heading-title elementor-size-default\">2) Teenuste valimine<\/h3>\t\t\t\t<\/div>\n\t\t\t\t<div class=\"elementor-element elementor-element-7de36d2 elementor-widget__width-initial elementor-widget elementor-widget-text-editor\" data-id=\"7de36d2\" data-element_type=\"widget\" data-e-type=\"widget\" data-widget_type=\"text-editor.default\">\n\t\t\t\t\t\t\t\t\t<p>Vajadusel kindlusta oma saadetis v\u00f5i lisa m\u00e4rge erik\u00e4sitluse kohta. Tutvu k\u00f5ikide meie pakutavate\u00a0<strong><a title=\"TEENUSED\" href=\"\/ee\/teenused\/teenused\/\" target=\"_blank\" rel=\"noopener\">TEENUSTEGA<\/a><\/strong>!<\/p>\n<p>Klikkides\u00a0<strong>ESITA TELLIMUS<\/strong>\u00a0arvutab s\u00fcsteem v\u00e4lja l\u00f5pliku saatmiskulu.<\/p>\n\t\t\t\t\t\t\t\t<\/div>\n\t\t\t\t<\/div>\n\t\t\t\t\t<\/div>\n\t\t\t\t<\/div>\n\t\t<div class=\"elementor-element elementor-element-29c30bf e-flex e-con-boxed e-con e-parent\" data-id=\"29c30bf\" data-element_type=\"container\" data-e-type=\"container\" data-settings=\"{&quot;background_background&quot;:&quot;classic&quot;}\">\n\t\t\t\t\t<div class=\"e-con-inner\">\n\t\t<div class=\"elementor-element elementor-element-e680fde e-con-full e-flex e-con e-child\" data-id=\"e680fde\" data-element_type=\"container\" data-e-type=\"container\">\n\t\t\t\t<div class=\"elementor-element elementor-element-f6044a7 elementor-widget__width-initial elementor-widget elementor-widget-heading\" data-id=\"f6044a7\" data-element_type=\"widget\" data-e-type=\"widget\" data-widget_type=\"heading.default\">\n\t\t\t\t\t<h3 class=\"elementor-heading-title elementor-size-default\">3) Kontaktandmete sisestamine<\/h3>\t\t\t\t<\/div>\n\t\t\t\t<div class=\"elementor-element elementor-element-efd851f elementor-widget__width-initial elementor-widget elementor-widget-text-editor\" data-id=\"efd851f\" data-element_type=\"widget\" data-e-type=\"widget\" data-widget_type=\"text-editor.default\">\n\t\t\t\t\t\t\t\t\t<p>Lisa saatja ja saaja andmed.<\/p>\n<p>Loe l\u00e4hemalt saadetise adresseerimisest\u00a0<strong><a title=\"KUIDAS PAKENDADA?\" href=\"\/ee\/kuidas-pakendada\" target=\"_blank\" rel=\"noopener\">SIIT<\/a><\/strong>!<\/p>\n\t\t\t\t\t\t\t\t<\/div>\n\t\t\t\t<\/div>\n\t\t<div class=\"elementor-element elementor-element-626d7ef e-con-full e-flex e-con e-child\" data-id=\"626d7ef\" data-element_type=\"container\" data-e-type=\"container\">\n\t\t\t\t<div class=\"elementor-element elementor-element-2405735 elementor-widget elementor-widget-image\" data-id=\"2405735\" data-element_type=\"widget\" data-e-type=\"widget\" data-widget_type=\"image.default\">\n\t\t\t\t\t\t\t\t\t\t\t\t\t\t\t<img decoding=\"async\" width=\"960\" height=\"480\" src=\"https:\/\/cargobus.ee\/wp-content\/uploads\/2024\/05\/Cargobus-enter-contact-information.webp\" class=\"attachment-full size-full wp-image-5337\" alt=\"\" srcset=\"https:\/\/cargobus.ee\/wp-content\/uploads\/2024\/05\/Cargobus-enter-contact-information.webp 960w, https:\/\/cargobus.ee\/wp-content\/uploads\/2024\/05\/Cargobus-enter-contact-information-300x150.webp 300w, https:\/\/cargobus.ee\/wp-content\/uploads\/2024\/05\/Cargobus-enter-contact-information-768x384.webp 768w\" sizes=\"(max-width: 960px) 100vw, 960px\" \/>\t\t\t\t\t\t\t\t\t\t\t\t\t\t\t<\/div>\n\t\t\t\t<\/div>\n\t\t\t\t\t<\/div>\n\t\t\t\t<\/div>\n\t\t<div class=\"elementor-element elementor-element-051f555 e-flex e-con-boxed e-con e-parent\" data-id=\"051f555\" data-element_type=\"container\" data-e-type=\"container\" data-settings=\"{&quot;background_background&quot;:&quot;classic&quot;}\">\n\t\t\t\t\t<div class=\"e-con-inner\">\n\t\t<div class=\"elementor-element elementor-element-728d81d e-con-full e-flex e-con e-child\" data-id=\"728d81d\" data-element_type=\"container\" data-e-type=\"container\">\n\t\t\t\t<div class=\"elementor-element elementor-element-e6f6652 elementor-widget elementor-widget-image\" data-id=\"e6f6652\" data-element_type=\"widget\" data-e-type=\"widget\" data-widget_type=\"image.default\">\n\t\t\t\t\t\t\t\t\t\t\t\t\t\t\t<img loading=\"lazy\" decoding=\"async\" width=\"960\" height=\"480\" src=\"https:\/\/cargobus.ee\/wp-content\/uploads\/2024\/05\/Cargobus-choose-the-payment-method.webp\" class=\"attachment-full size-full wp-image-5339\" alt=\"\" srcset=\"https:\/\/cargobus.ee\/wp-content\/uploads\/2024\/05\/Cargobus-choose-the-payment-method.webp 960w, https:\/\/cargobus.ee\/wp-content\/uploads\/2024\/05\/Cargobus-choose-the-payment-method-300x150.webp 300w, https:\/\/cargobus.ee\/wp-content\/uploads\/2024\/05\/Cargobus-choose-the-payment-method-768x384.webp 768w\" sizes=\"(max-width: 960px) 100vw, 960px\" \/>\t\t\t\t\t\t\t\t\t\t\t\t\t\t\t<\/div>\n\t\t\t\t<\/div>\n\t\t<div class=\"elementor-element elementor-element-695b580 e-con-full e-flex e-con e-child\" data-id=\"695b580\" data-element_type=\"container\" data-e-type=\"container\">\n\t\t\t\t<div class=\"elementor-element elementor-element-ed99c1e elementor-widget__width-initial elementor-widget elementor-widget-heading\" data-id=\"ed99c1e\" data-element_type=\"widget\" data-e-type=\"widget\" data-widget_type=\"heading.default\">\n\t\t\t\t\t<h3 class=\"elementor-heading-title elementor-size-default\">4) Makseviisi valimine<\/h3>\t\t\t\t<\/div>\n\t\t\t\t<div class=\"elementor-element elementor-element-aaa3fe5 elementor-widget__width-initial elementor-widget elementor-widget-text-editor\" data-id=\"aaa3fe5\" data-element_type=\"widget\" data-e-type=\"widget\" data-widget_type=\"text-editor.default\">\n\t\t\t\t\t\t\t\t\t<p>Tellimisvormi viimane samm on elektrooniline makse.<br \/>Makseviisideks on PaySera v\u00f5i PayPali turvalised maksekeskkonnad.<\/p>\n\t\t\t\t\t\t\t\t<\/div>\n\t\t\t\t<\/div>\n\t\t\t\t\t<\/div>\n\t\t\t\t<\/div>\n\t\t<div class=\"elementor-element elementor-element-09b2a17 e-flex e-con-boxed e-con e-parent\" data-id=\"09b2a17\" data-element_type=\"container\" data-e-type=\"container\" data-settings=\"{&quot;background_background&quot;:&quot;classic&quot;}\">\n\t\t\t\t\t<div class=\"e-con-inner\">\n\t\t<div class=\"elementor-element elementor-element-6c44e65 e-con-full e-flex e-con e-child\" data-id=\"6c44e65\" data-element_type=\"container\" data-e-type=\"container\">\n\t\t\t\t<div class=\"elementor-element elementor-element-770af22 elementor-widget__width-initial elementor-widget elementor-widget-heading\" data-id=\"770af22\" data-element_type=\"widget\" data-e-type=\"widget\" data-widget_type=\"heading.default\">\n\t\t\t\t\t<h3 class=\"elementor-heading-title elementor-size-default\">5) Paki saatmine<\/h3>\t\t\t\t<\/div>\n\t\t\t\t<div class=\"elementor-element elementor-element-6a656ee elementor-widget__width-initial elementor-widget elementor-widget-text-editor\" data-id=\"6a656ee\" data-element_type=\"widget\" data-e-type=\"widget\" data-widget_type=\"text-editor.default\">\n\t\t\t\t\t\t\t\t\t<p>Prindi ja kinnita pakisilt na\u0308htavalt saadetisele ning toimeta see Cargobusi terminali v\u00f5i anna \u00fcle kullerile.<br \/>Kui sul ei ole printimisv\u00f5imalust, siis kirjuta saadetisele k\u00e4sitsi ja loetavas k\u00e4ekirjas vajalik info. Loe l\u00e4hemalt saadetise adresseerimisest\u00a0<strong><a title=\"KUIDAS PAKENDADA?\" href=\"\/ee\/kuidas-pakendada\" target=\"_blank\" rel=\"noopener\">SIIT<\/a><\/strong>!<\/p>\n\t\t\t\t\t\t\t\t<\/div>\n\t\t\t\t<\/div>\n\t\t<div class=\"elementor-element elementor-element-f877d5c e-con-full e-flex e-con e-child\" data-id=\"f877d5c\" data-element_type=\"container\" data-e-type=\"container\">\n\t\t\t\t<div class=\"elementor-element elementor-element-66bb7fe elementor-widget elementor-widget-image\" data-id=\"66bb7fe\" data-element_type=\"widget\" data-e-type=\"widget\" data-widget_type=\"image.default\">\n\t\t\t\t\t\t\t\t\t\t\t\t\t\t\t<img loading=\"lazy\" decoding=\"async\" width=\"960\" height=\"480\" src=\"https:\/\/cargobus.ee\/wp-content\/uploads\/2024\/05\/Cargobus-print-the-parcel-label.webp\" class=\"attachment-full size-full wp-image-5341\" alt=\"\" srcset=\"https:\/\/cargobus.ee\/wp-content\/uploads\/2024\/05\/Cargobus-print-the-parcel-label.webp 960w, https:\/\/cargobus.ee\/wp-content\/uploads\/2024\/05\/Cargobus-print-the-parcel-label-300x150.webp 300w, https:\/\/cargobus.ee\/wp-content\/uploads\/2024\/05\/Cargobus-print-the-parcel-label-768x384.webp 768w\" sizes=\"(max-width: 960px) 100vw, 960px\" \/>\t\t\t\t\t\t\t\t\t\t\t\t\t\t\t<\/div>\n\t\t\t\t<\/div>\n\t\t\t\t\t<\/div>\n\t\t\t\t<\/div>\n\t\t<div class=\"elementor-element elementor-element-62d3f2d e-flex e-con-boxed e-con e-parent\" data-id=\"62d3f2d\" data-element_type=\"container\" data-e-type=\"container\" data-settings=\"{&quot;background_background&quot;:&quot;classic&quot;}\">\n\t\t\t\t\t<div class=\"e-con-inner\">\n\t\t<div class=\"elementor-element elementor-element-a7fad5b e-con-full e-flex e-con e-child\" data-id=\"a7fad5b\" data-element_type=\"container\" data-e-type=\"container\">\n\t\t\t\t<div class=\"elementor-element elementor-element-8322be8 elementor-widget elementor-widget-image\" data-id=\"8322be8\" data-element_type=\"widget\" data-e-type=\"widget\" data-widget_type=\"image.default\">\n\t\t\t\t\t\t\t\t\t\t\t\t\t\t\t<img loading=\"lazy\" decoding=\"async\" width=\"960\" height=\"480\" src=\"https:\/\/cargobus.ee\/wp-content\/uploads\/2024\/05\/Cargobus-track-the-shipment.webp\" class=\"attachment-full size-full wp-image-5343\" alt=\"\" srcset=\"https:\/\/cargobus.ee\/wp-content\/uploads\/2024\/05\/Cargobus-track-the-shipment.webp 960w, https:\/\/cargobus.ee\/wp-content\/uploads\/2024\/05\/Cargobus-track-the-shipment-300x150.webp 300w, https:\/\/cargobus.ee\/wp-content\/uploads\/2024\/05\/Cargobus-track-the-shipment-768x384.webp 768w\" sizes=\"(max-width: 960px) 100vw, 960px\" \/>\t\t\t\t\t\t\t\t\t\t\t\t\t\t\t<\/div>\n\t\t\t\t<\/div>\n\t\t<div class=\"elementor-element elementor-element-135b626 e-con-full e-flex e-con e-child\" data-id=\"135b626\" data-element_type=\"container\" data-e-type=\"container\">\n\t\t\t\t<div class=\"elementor-element elementor-element-9fcbee1 elementor-widget__width-initial elementor-widget-mobile__width-initial elementor-widget elementor-widget-heading\" data-id=\"9fcbee1\" data-element_type=\"widget\" data-e-type=\"widget\" data-widget_type=\"heading.default\">\n\t\t\t\t\t<h3 class=\"elementor-heading-title elementor-size-default\">6) Paki j\u00e4lgimine<\/h3>\t\t\t\t<\/div>\n\t\t\t\t<div class=\"elementor-element elementor-element-75dad1f elementor-widget__width-initial elementor-widget elementor-widget-text-editor\" data-id=\"75dad1f\" data-element_type=\"widget\" data-e-type=\"widget\" data-widget_type=\"text-editor.default\">\n\t\t\t\t\t\t\t\t\t<p>Saadetise teekonda saab vaadata e-postile saadetud j\u00e4lgimislingi kaudu v\u00f5i j\u00e4lgimisnumbri abil Cargobusi kodulehel.<\/p>\n\t\t\t\t\t\t\t\t<\/div>\n\t\t\t\t<\/div>\n\t\t\t\t\t<\/div>\n\t\t\t\t<\/div>\n\t\t\t\t<\/div>\n\t\t","protected":false},"excerpt":{"rendered":"<p>1) Tellimisvormi t\u00e4itmine Vali, kuidas soovid oma pakki saata ning t\u00e4ida paki m\u00f5\u00f5tmete ja kaalu v\u00e4ljad. \u2192\u00a0Ekspressteenus terminalist terminali.\u2192\u00a0Kulleriga uksest [&hellip;]<\/p>\n","protected":false},"author":1,"featured_media":0,"parent":0,"menu_order":0,"comment_status":"closed","ping_status":"closed","template":"elementor_header_footer","meta":{"_acf_changed":false,"site-sidebar-layout":"default","site-content-layout":"","ast-site-content-layout":"default","site-content-style":"default","site-sidebar-style":"default","ast-global-header-display":"","ast-banner-title-visibility":"","ast-main-header-display":"","ast-hfb-above-header-display":"","ast-hfb-below-header-display":"","ast-hfb-mobile-header-display":"","site-post-title":"","ast-breadcrumbs-content":"","ast-featured-img":"","footer-sml-layout":"","ast-disable-related-posts":"","theme-transparent-header-meta":"","adv-header-id-meta":"","stick-header-meta":"","header-above-stick-meta":"","header-main-stick-meta":"","header-below-stick-meta":"","astra-migrate-meta-layouts":"default","ast-page-background-enabled":"default","ast-page-background-meta":{"desktop":{"background-color":"var(--ast-global-color-4)","background-image":"","background-repeat":"repeat","background-position":"center center","background-size":"auto","background-attachment":"scroll","background-type":"","background-media":"","overlay-type":"","overlay-color":"","overlay-opacity":"","overlay-gradient":""},"tablet":{"background-color":"","background-image":"","background-repeat":"repeat","background-position":"center center","background-size":"auto","background-attachment":"scroll","background-type":"","background-media":"","overlay-type":"","overlay-color":"","overlay-opacity":"","overlay-gradient":""},"mobile":{"background-color":"","background-image":"","background-repeat":"repeat","background-position":"center center","background-size":"auto","background-attachment":"scroll","background-type":"","background-media":"","overlay-type":"","overlay-color":"","overlay-opacity":"","overlay-gradient":""}},"ast-content-background-meta":{"desktop":{"background-color":"var(--ast-global-color-5)","background-image":"","background-repeat":"repeat","background-position":"center center","background-size":"auto","background-attachment":"scroll","background-type":"","background-media":"","overlay-type":"","overlay-color":"","overlay-opacity":"","overlay-gradient":""},"tablet":{"background-color":"var(--ast-global-color-5)","background-image":"","background-repeat":"repeat","background-position":"center center","background-size":"auto","background-attachment":"scroll","background-type":"","background-media":"","overlay-type":"","overlay-color":"","overlay-opacity":"","overlay-gradient":""},"mobile":{"background-color":"var(--ast-global-color-5)","background-image":"","background-repeat":"repeat","background-position":"center center","background-size":"auto","background-attachment":"scroll","background-type":"","background-media":"","overlay-type":"","overlay-color":"","overlay-opacity":"","overlay-gradient":""}},"footnotes":""},"class_list":["post-5668","page","type-page","status-publish","hentry"],"acf":[],"_links":{"self":[{"href":"https:\/\/cargobus.ee\/et\/wp-json\/wp\/v2\/pages\/5668","targetHints":{"allow":["GET"]}}],"collection":[{"href":"https:\/\/cargobus.ee\/et\/wp-json\/wp\/v2\/pages"}],"about":[{"href":"https:\/\/cargobus.ee\/et\/wp-json\/wp\/v2\/types\/page"}],"author":[{"embeddable":true,"href":"https:\/\/cargobus.ee\/et\/wp-json\/wp\/v2\/users\/1"}],"replies":[{"embeddable":true,"href":"https:\/\/cargobus.ee\/et\/wp-json\/wp\/v2\/comments?post=5668"}],"version-history":[{"count":9,"href":"https:\/\/cargobus.ee\/et\/wp-json\/wp\/v2\/pages\/5668\/revisions"}],"predecessor-version":[{"id":14520,"href":"https:\/\/cargobus.ee\/et\/wp-json\/wp\/v2\/pages\/5668\/revisions\/14520"}],"wp:attachment":[{"href":"https:\/\/cargobus.ee\/et\/wp-json\/wp\/v2\/media?parent=5668"}],"curies":[{"name":"wp","href":"https:\/\/api.w.org\/{rel}","templated":true}]}}